{"id":226,"date":"2026-01-12T19:55:32","date_gmt":"2026-01-12T19:55:32","guid":{"rendered":"http:\/\/selim-rudolph.de\/?page_id=226"},"modified":"2026-01-15T19:25:46","modified_gmt":"2026-01-15T19:25:46","slug":"selim-rudolph","status":"publish","type":"page","link":"https:\/\/selim-rudolph.de\/","title":{"rendered":"Selim Rudolph"},"content":{"rendered":"\n<p class=\"has-fira-code-font-family has-medium-font-size\">Gestaltungs- und Medientechnischer Assistent, Kfz Mechatroniker, Multiinstrumentalist, Musikproduzent, S\u00e4nger.<\/p>\n\n\n\n<div style=\"height:112px\" aria-hidden=\"true\" class=\"wp-block-spacer\"><\/div>\n\n\n\n<div class=\"wp-block-group alignfull has-global-padding is-layout-constrained wp-block-group-is-layout-constrained\" style=\"margin-top:0;margin-bottom:0\">\n<div class=\"wp-block-columns alignfull is-layout-flex wp-container-core-columns-is-layout-9c22b1e3 wp-block-columns-is-layout-flex\">\n<div class=\"wp-block-column is-layout-flow wp-block-column-is-layout-flow\" style=\"flex-basis:55%\">\n<div style=\"aspect-ratio:1;min-height:unset;\" class=\"wp-block-cover has-aspect-ratio\"><img fetchpriority=\"high\" decoding=\"async\" width=\"678\" height=\"1024\" class=\"wp-block-cover__image-background wp-image-228 size-large\" alt=\"\" src=\"http:\/\/selim-rudolph.de\/wp-content\/uploads\/2026\/01\/Selim-1-678x1024.jpg\" data-object-fit=\"cover\" srcset=\"https:\/\/selim-rudolph.de\/wp-content\/uploads\/2026\/01\/Selim-1-678x1024.jpg 678w, https:\/\/selim-rudolph.de\/wp-content\/uploads\/2026\/01\/Selim-1-199x300.jpg 199w, https:\/\/selim-rudolph.de\/wp-content\/uploads\/2026\/01\/Selim-1-768x1160.jpg 768w, https:\/\/selim-rudolph.de\/wp-content\/uploads\/2026\/01\/Selim-1-1017x1536.jpg 1017w, https:\/\/selim-rudolph.de\/wp-content\/uploads\/2026\/01\/Selim-1-1355x2048.jpg 1355w, https:\/\/selim-rudolph.de\/wp-content\/uploads\/2026\/01\/Selim-1-scaled.jpg 1694w\" sizes=\"(max-width: 678px) 100vw, 678px\" \/><span aria-hidden=\"true\" class=\"wp-block-cover__background has-background-dim-0 has-background-dim\" style=\"background-color:#60605e\"><\/span><div class=\"wp-block-cover__inner-container is-layout-flow wp-block-cover-is-layout-flow\">\n<div style=\"height:var(--wp--preset--spacing--20)\" aria-hidden=\"true\" class=\"wp-block-spacer\"><\/div>\n<\/div><\/div>\n<\/div>\n\n\n\n<div class=\"wp-block-column is-vertically-aligned-center is-layout-flow wp-block-column-is-layout-flow\" style=\"padding-top:var(--wp--preset--spacing--60);padding-right:var(--wp--preset--spacing--60);padding-bottom:var(--wp--preset--spacing--60);padding-left:var(--wp--preset--spacing--60)\" id=\"vita\">\n<h2 class=\"wp-block-heading has-xx-large-font-size\">In a nutshell<\/h2>\n\n\n\n<p class=\"has-fira-code-font-family has-small-font-size\">Wer bin ich?<\/p>\n\n\n\n<p class=\"has-medium-font-size\">Ich bin, wie im Titel zu erkennen, Gestaltungs- und Medientechnischer Assistent, Kfz-Mechatroniker, Multiinstrumentalist, Produzent und S\u00e4nger. Das hei\u00dft; ich bin ein kreativer Kopf, der auch technisch versiert ist und gerne mit anpackt,- In erster Linie bin ich aber Selim.<\/p>\n<\/div>\n<\/div>\n<\/div>\n\n\n\n<div class=\"wp-block-group alignfull has-global-padding is-layout-constrained wp-block-group-is-layout-constrained\" id=\"vita2\" style=\"margin-top:0;margin-bottom:0;padding-top:var(--wp--preset--spacing--50);padding-bottom:var(--wp--preset--spacing--50)\">\n<div class=\"wp-block-columns alignwide is-layout-flex wp-container-core-columns-is-layout-fa584acd wp-block-columns-is-layout-flex\">\n<div class=\"wp-block-column is-vertically-aligned-center is-layout-flow wp-block-column-is-layout-flow\">\n<h2 class=\"wp-block-heading has-xx-large-font-size\">Die Bl\u00fctezeit<\/h2>\n\n\n\n<p class=\"has-fira-code-font-family has-small-font-size\">Die Jahre 2018-2025<\/p>\n\n\n\n<p class=\"has-medium-font-size\">2018 habe ich meine Ausbildung zum <em>Gestaltungs- und Medientechnischen Assistenten <\/em>begonnen. In dieser Zeit konnte ich viele Eindr\u00fccke, Denkanst\u00f6\u00dfe und Erfahrungen sammeln. Die schulische Ausbildung habe ich <em>2020<\/em> erfolgreich beendet. Zus\u00e4tzlich dazu konnte ich in dem dazugeh\u00f6rigen Praktikum erste Eindr\u00fccke in dem Berufsfeld des Mediengestalters sammeln. Nach dem anschlie\u00dfenden 6-monatigen Praktikum hatte ich das Bed\u00fcrfnis noch einmal beruflich durchzustarten, etwas mehr <em>Action<\/em> zu erfahren. Das, in Kombination mit meiner Leidenschaft f\u00fcr Autos, motivierte mich dazu, eine Ausbildung zum <em>Kfz-Mechatroniker<\/em> zu machen. Diese habe ich erfolgreich <em>2023<\/em> beendet.<\/p>\n\n\n\n<p><\/p>\n<\/div>\n\n\n\n<div class=\"wp-block-column is-vertically-aligned-center is-layout-flow wp-block-column-is-layout-flow\">\n<figure class=\"wp-block-image size-full\"><img decoding=\"async\" width=\"1707\" height=\"2560\" src=\"http:\/\/selim-rudolph.de\/wp-content\/uploads\/2026\/01\/DSC3177-scaled.jpg\" alt=\"\" class=\"wp-image-235\" srcset=\"https:\/\/selim-rudolph.de\/wp-content\/uploads\/2026\/01\/DSC3177-scaled.jpg 1707w, https:\/\/selim-rudolph.de\/wp-content\/uploads\/2026\/01\/DSC3177-200x300.jpg 200w, https:\/\/selim-rudolph.de\/wp-content\/uploads\/2026\/01\/DSC3177-683x1024.jpg 683w, https:\/\/selim-rudolph.de\/wp-content\/uploads\/2026\/01\/DSC3177-768x1152.jpg 768w, https:\/\/selim-rudolph.de\/wp-content\/uploads\/2026\/01\/DSC3177-1024x1536.jpg 1024w, https:\/\/selim-rudolph.de\/wp-content\/uploads\/2026\/01\/DSC3177-1365x2048.jpg 1365w\" sizes=\"(max-width: 1707px) 100vw, 1707px\" \/><\/figure>\n<\/div>\n<\/div>\n<\/div>\n\n\n\n<div class=\"wp-block-columns alignfull is-layout-flex wp-container-core-columns-is-layout-9c22b1e3 wp-block-columns-is-layout-flex\">\n<div class=\"wp-block-column is-layout-flow wp-block-column-is-layout-flow\" style=\"flex-basis:55%\">\n<figure class=\"wp-block-image alignright size-large is-resized\"><img decoding=\"async\" width=\"768\" height=\"1024\" src=\"http:\/\/selim-rudolph.de\/wp-content\/uploads\/2026\/01\/DSC6200-768x1024.jpg\" alt=\"\" class=\"wp-image-263\" style=\"aspect-ratio:0.6666666666666666;object-fit:contain;width:478px;height:auto\" srcset=\"https:\/\/selim-rudolph.de\/wp-content\/uploads\/2026\/01\/DSC6200-768x1024.jpg 768w, https:\/\/selim-rudolph.de\/wp-content\/uploads\/2026\/01\/DSC6200-225x300.jpg 225w, https:\/\/selim-rudolph.de\/wp-content\/uploads\/2026\/01\/DSC6200-1152x1536.jpg 1152w, https:\/\/selim-rudolph.de\/wp-content\/uploads\/2026\/01\/DSC6200-1536x2048.jpg 1536w, https:\/\/selim-rudolph.de\/wp-content\/uploads\/2026\/01\/DSC6200-scaled.jpg 1920w\" sizes=\"(max-width: 768px) 100vw, 768px\" \/><\/figure>\n<\/div>\n\n\n\n<div class=\"wp-block-column is-vertically-aligned-center is-layout-flow wp-block-column-is-layout-flow\" style=\"padding-top:var(--wp--preset--spacing--60);padding-right:var(--wp--preset--spacing--60);padding-bottom:var(--wp--preset--spacing--60);padding-left:var(--wp--preset--spacing--60)\" id=\"vita3\">\n<h1 class=\"wp-block-heading has-xx-large-font-size has-medium-font-size\">Musikalischer Werdegang<\/h1>\n\n\n\n<p class=\"has-fira-code-font-family has-small-font-size\">Nachweise des k\u00fcnstlerischen Wirkens<\/p>\n\n\n\n<p class=\"has-medium-font-size\">2020 ver\u00f6ffentlichte ich meine erste, selbst <em>berappte<\/em> EP auf allen einschl\u00e4gigen Streamingplattformen. Diese wurde leider, aufgrund von Unstimmigkeiten mit dem Distributor entfernt, jedoch habe ich einige der Songs, sowie einige weitere <em>lost songs<\/em> auf meiner EP namens <a href=\"#losttapes\" data-type=\"internal\" data-id=\"#losttapes\">Lost Tapes<\/a> Anfang 2024 neu ver\u00f6ffentlicht, worauf sich auch mein <em>gr\u00f6\u00dfter Hit<\/em> namens <a href=\"#wetzlar\" data-type=\"internal\" data-id=\"#wetzlar\">Wetzlar<\/a> befindet. 2022 ver\u00f6ffentlichte ich unter dem Pseudonym &#8222;D\u00fcnnsch&#8220; (Kurz f\u00fcr D\u00fcnnschei\u00dfer) zwei EP&#8217;s (1. <a href=\"#kdfwdms\" data-type=\"internal\" data-id=\"#kdfwdms\">Kreuz die Finger wenn du mich siehst<\/a> 2. <a href=\"#welle\" data-type=\"internal\" data-id=\"#welle\">Welle<\/a>) und zwei Alben (1. <a href=\"#d\u00fcnnsch\" data-type=\"internal\" data-id=\"#d\u00fcnnsch\">D\u00fcnnsch<\/a> 2. <a href=\"#kaltger\u00e4testecker\" data-type=\"internal\" data-id=\"#kaltger\u00e4testecker\">Kaltger\u00e4testecker<\/a>) ver\u00f6ffentlicht. 2023 folgte dann noch das Album <a href=\"#schlechtenachtgeschichten\" data-type=\"internal\" data-id=\"#schlechtenachtgeschichten\">Schlechte Nacht Geschichten<\/a> und die EP <a href=\"#miserere\" data-type=\"internal\" data-id=\"#miserere\">Miserere<\/a>. 2024 wollte ich dann <em>on moven<\/em> und ver\u00f6ffentlichte kurz nach den Lost Tapes den Song <a href=\"#movingon\" data-type=\"internal\" data-id=\"#movingon\">Moving on<\/a> unter dem wiederbelebten Pseudonym <em>Selim<\/em>, welchen ich zusammen mit einer guten Freundin zum leben erweckte. Danach ver\u00f6ffentlichten wir noch zusammen einen Song namens <a href=\"#endofthenight\" data-type=\"internal\" data-id=\"#endofthenight\">end of the night<\/a>. Im Sommer 2024 ver\u00f6ffentlichte ich mein Soloalbum namens <a href=\"#sundayscaries\" data-type=\"internal\" data-id=\"#sundayscaries\">Sunday Scaries<\/a>, auf welchem sich real eingespielte und besungene Songs von mir befanden. im Sp\u00e4tsommer 2024 fand ich viel Besgeisterung f\u00fcr <em>Post Punk \/ Gothic Rock<\/em>, weshalb meine folgenden zwei Werke eine deutlich andere Richtung verfolgten als alles davor. Die Rede ist von <a href=\"#wrongturn\" data-type=\"internal\" data-id=\"#wrongturn\">Wrong Turn<\/a>, welches Ende 2024 erschien und <a href=\"#invain\" data-type=\"internal\" data-id=\"#invain\">In Vain<\/a>, welches Anfang 2025 erschien. Zu dieser Zeit habe ich mich mit einem Guten Freund, <em>Cody<\/em>, zusammen gschlossen, und wir fingen an, an unserem gemeinsamen Projekt zu arbeiten. Das Projekt erhielt den Namen<em> Kabarett<\/em>. Unter diesem Pseudonym ver\u00f6ffentlichten wir Mitte 2025 unsere EP <a href=\"#vol1\" data-type=\"internal\" data-id=\"#vol1\">Vol. 1<\/a>, auf der sich unser <em>gr\u00f6\u00dfter Hit<\/em> namens <a href=\"#siewerdennichtalt\" data-type=\"internal\" data-id=\"#siewerdennichtalt\">Sie Werden nicht Alt<\/a> befindet.<\/p>\n<\/div>\n<\/div>\n\n\n\n<div class=\"wp-block-group is-vertical is-layout-flex wp-container-core-group-is-layout-fe9cc265 wp-block-group-is-layout-flex\">\n<figure class=\"wp-block-embed is-type-rich is-provider-spotify wp-block-embed-spotify wp-embed-aspect-21-9 wp-has-aspect-ratio\"><div class=\"wp-block-embed__wrapper\">\n<iframe title=\"Spotify Embed: lost tapes\" style=\"border-radius: 12px\" width=\"100%\" height=\"352\" frameborder=\"0\" allowfullscreen allow=\"autoplay; clipboard-write; encrypted-media; fullscreen; picture-in-picture\" loading=\"lazy\" src=\"https:\/\/open.spotify.com\/embed\/album\/035tjlI5qmD08ctY075NTL?si=s34UTlWERCa-SZBxZyfhVQ&amp;utm_source=oembed\"><\/iframe>\n<\/div><\/figure>\n<\/div>\n\n\n\n<h2 class=\"wp-block-heading has-xx-large-font-size\" id=\"musik\">Musik<\/h2>\n\n\n\n<p class=\"has-fira-code-font-family has-small-font-size\">Erscheinungsdatum absteigend<\/p>\n\n\n\n<div id=\"vol1\" class=\"wp-block-group has-global-padding is-layout-constrained wp-block-group-is-layout-constrained\">\n<h2 class=\"wp-block-heading\">Vol. 1<\/h2>\n\n\n\n<p id=\"siewerdennichtalt\">Kabarett<\/p>\n\n\n\n<figure class=\"wp-block-embed is-type-rich is-provider-spotify wp-block-embed-spotify wp-embed-aspect-21-9 wp-has-aspect-ratio\"><div class=\"wp-block-embed__wrapper\">\n<iframe title=\"Spotify Embed: Vol. 1\" style=\"border-radius: 12px\" width=\"100%\" height=\"352\" frameborder=\"0\" allowfullscreen allow=\"autoplay; clipboard-write; encrypted-media; fullscreen; picture-in-picture\" loading=\"lazy\" src=\"https:\/\/open.spotify.com\/embed\/album\/20DEllOxBMaO0nF5ixVS3A?si=oTtc4BraSfeR3UfMAS8n9Q&amp;utm_source=oembed\"><\/iframe>\n<\/div><\/figure>\n<\/div>\n\n\n\n<div id=\"invain\" class=\"wp-block-group has-global-padding is-layout-constrained wp-block-group-is-layout-constrained\">\n<h2 class=\"wp-block-heading\">In Vain<\/h2>\n\n\n\n<p>selim<\/p>\n\n\n\n<figure class=\"wp-block-embed is-type-rich is-provider-spotify wp-block-embed-spotify wp-embed-aspect-21-9 wp-has-aspect-ratio\"><div class=\"wp-block-embed__wrapper\">\n<iframe title=\"Spotify Embed: In Vain\" style=\"border-radius: 12px\" width=\"100%\" height=\"352\" frameborder=\"0\" allowfullscreen allow=\"autoplay; clipboard-write; encrypted-media; fullscreen; picture-in-picture\" loading=\"lazy\" src=\"https:\/\/open.spotify.com\/embed\/album\/6OJrjtRi7OUI0j12r85qoW?si=COWWsAclSBO6XSWCZhs0eA&amp;utm_source=oembed\"><\/iframe>\n<\/div><\/figure>\n<\/div>\n\n\n\n<div id=\"wrongturn\" class=\"wp-block-group has-global-padding is-layout-constrained wp-block-group-is-layout-constrained\">\n<h2 class=\"wp-block-heading\">Wrong Turn<\/h2>\n\n\n\n<p>selim<\/p>\n\n\n\n<figure class=\"wp-block-embed is-type-rich is-provider-spotify wp-block-embed-spotify wp-embed-aspect-21-9 wp-has-aspect-ratio\"><div class=\"wp-block-embed__wrapper\">\n<iframe title=\"Spotify Embed: Wrong Turn\" style=\"border-radius: 12px\" width=\"100%\" height=\"352\" frameborder=\"0\" allowfullscreen allow=\"autoplay; clipboard-write; encrypted-media; fullscreen; picture-in-picture\" loading=\"lazy\" src=\"https:\/\/open.spotify.com\/embed\/album\/3wD4LUK4rRdDA5GQxDqPyX?si=U1HJNlVKSouN4OlWa2-YIQ&amp;utm_source=oembed\"><\/iframe>\n<\/div><\/figure>\n<\/div>\n\n\n\n<div id=\"sundayscaries\" class=\"wp-block-group has-global-padding is-layout-constrained wp-block-group-is-layout-constrained\">\n<h2 class=\"wp-block-heading\">Sunday Scaries<\/h2>\n\n\n\n<p>selim<\/p>\n\n\n\n<figure class=\"wp-block-embed is-type-rich is-provider-spotify wp-block-embed-spotify wp-embed-aspect-21-9 wp-has-aspect-ratio\"><div class=\"wp-block-embed__wrapper\">\n<iframe title=\"Spotify Embed: Sunday Scaries\" style=\"border-radius: 12px\" width=\"100%\" height=\"352\" frameborder=\"0\" allowfullscreen allow=\"autoplay; clipboard-write; encrypted-media; fullscreen; picture-in-picture\" loading=\"lazy\" src=\"https:\/\/open.spotify.com\/embed\/album\/1J7hPxn2FVbzpuCIinQvgc?si=u69ZBrJFR4Kqij5Uc7zj0g&amp;utm_source=oembed\"><\/iframe>\n<\/div><\/figure>\n<\/div>\n\n\n\n<div id=\"endofthenight\" class=\"wp-block-group has-global-padding is-layout-constrained wp-block-group-is-layout-constrained\">\n<h2 class=\"wp-block-heading\">end of the night<\/h2>\n\n\n\n<p>selim, Cathy<\/p>\n\n\n\n<figure class=\"wp-block-embed is-type-rich is-provider-spotify wp-block-embed-spotify wp-embed-aspect-21-9 wp-has-aspect-ratio\"><div class=\"wp-block-embed__wrapper\">\n<iframe title=\"Spotify Embed: end of the night\" style=\"border-radius: 12px\" width=\"100%\" height=\"352\" frameborder=\"0\" allowfullscreen allow=\"autoplay; clipboard-write; encrypted-media; fullscreen; picture-in-picture\" loading=\"lazy\" src=\"https:\/\/open.spotify.com\/embed\/album\/64u7IdCMBtRDexv8zUORe6?si=e7UUxRrCQEq_QuKAtmMhww&amp;utm_source=oembed\"><\/iframe>\n<\/div><\/figure>\n<\/div>\n\n\n\n<div id=\"movingon\" class=\"wp-block-group has-global-padding is-layout-constrained wp-block-group-is-layout-constrained\">\n<h2 class=\"wp-block-heading\">moving on<\/h2>\n\n\n\n<p>selim, Cathy<\/p>\n\n\n\n<figure class=\"wp-block-embed is-type-rich is-provider-spotify wp-block-embed-spotify wp-embed-aspect-21-9 wp-has-aspect-ratio\"><div class=\"wp-block-embed__wrapper\">\n<iframe title=\"Spotify Embed: moving on\" style=\"border-radius: 12px\" width=\"100%\" height=\"352\" frameborder=\"0\" allowfullscreen allow=\"autoplay; clipboard-write; encrypted-media; fullscreen; picture-in-picture\" loading=\"lazy\" src=\"https:\/\/open.spotify.com\/embed\/album\/5SMHUOdyGejQkWPkC5jGGS?si=drLzK5yKQuKh3qwYViOxpA&amp;utm_source=oembed\"><\/iframe>\n<\/div><\/figure>\n<\/div>\n\n\n\n<div id=\"losttapes\" class=\"wp-block-group has-global-padding is-layout-constrained wp-block-group-is-layout-constrained\">\n<h2 class=\"wp-block-heading\">Lost Tapes<\/h2>\n\n\n\n<p id=\"wetzlar\">selim<\/p>\n\n\n\n<figure class=\"wp-block-embed is-type-rich is-provider-spotify wp-block-embed-spotify wp-embed-aspect-21-9 wp-has-aspect-ratio\"><div class=\"wp-block-embed__wrapper\">\n<iframe title=\"Spotify Embed: lost tapes\" style=\"border-radius: 12px\" width=\"100%\" height=\"352\" frameborder=\"0\" allowfullscreen allow=\"autoplay; clipboard-write; encrypted-media; fullscreen; picture-in-picture\" loading=\"lazy\" src=\"https:\/\/open.spotify.com\/embed\/album\/035tjlI5qmD08ctY075NTL?si=s34UTlWERCa-SZBxZyfhVQ&amp;utm_source=oembed\"><\/iframe>\n<\/div><\/figure>\n<\/div>\n\n\n\n<div id=\"miserere\" class=\"wp-block-group has-global-padding is-layout-constrained wp-block-group-is-layout-constrained\">\n<h2 class=\"wp-block-heading\">Miserere<\/h2>\n\n\n\n<p>D\u00fcnnsch<\/p>\n\n\n\n<figure class=\"wp-block-embed is-type-rich is-provider-spotify wp-block-embed-spotify wp-embed-aspect-21-9 wp-has-aspect-ratio\"><div class=\"wp-block-embed__wrapper\">\n<iframe title=\"Spotify Embed: Miserere\" style=\"border-radius: 12px\" width=\"100%\" height=\"352\" frameborder=\"0\" allowfullscreen allow=\"autoplay; clipboard-write; encrypted-media; fullscreen; picture-in-picture\" loading=\"lazy\" src=\"https:\/\/open.spotify.com\/embed\/album\/5rZM1FCmnnv0isNQLtPynC?si=zjTgaQCqQcqQCud9QDS5rQ&amp;utm_source=oembed\"><\/iframe>\n<\/div><\/figure>\n<\/div>\n\n\n\n<div id=\"schlechtenachtgeschichten\" class=\"wp-block-group has-global-padding is-layout-constrained wp-block-group-is-layout-constrained\">\n<h2 class=\"wp-block-heading\">Schlechte Nacht Geschichten<\/h2>\n\n\n\n<p>D\u00fcnnsch<\/p>\n\n\n\n<figure class=\"wp-block-embed is-type-rich is-provider-spotify wp-block-embed-spotify wp-embed-aspect-21-9 wp-has-aspect-ratio\"><div class=\"wp-block-embed__wrapper\">\n<iframe title=\"Spotify Embed: Schlechte Nacht Geschichten\" style=\"border-radius: 12px\" width=\"100%\" height=\"352\" frameborder=\"0\" allowfullscreen allow=\"autoplay; clipboard-write; encrypted-media; fullscreen; picture-in-picture\" loading=\"lazy\" src=\"https:\/\/open.spotify.com\/embed\/album\/6FwJPG7vFDZCoXJY50MZpx?si=-JFXLxWDQJeyPZJzxYBJ6g&amp;utm_source=oembed\"><\/iframe>\n<\/div><\/figure>\n<\/div>\n\n\n\n<div id=\"kaltger\u00e4testecker\" class=\"wp-block-group has-global-padding is-layout-constrained wp-block-group-is-layout-constrained\">\n<h2 class=\"wp-block-heading\">Kaltger\u00e4testecker<\/h2>\n\n\n\n<p>D\u00fcnnsch<\/p>\n\n\n\n<figure class=\"wp-block-embed is-type-rich is-provider-spotify wp-block-embed-spotify wp-embed-aspect-21-9 wp-has-aspect-ratio\"><div class=\"wp-block-embed__wrapper\">\n<iframe title=\"Spotify Embed: Kaltger\u00e4testecker\" style=\"border-radius: 12px\" width=\"100%\" height=\"352\" frameborder=\"0\" allowfullscreen allow=\"autoplay; clipboard-write; encrypted-media; fullscreen; picture-in-picture\" loading=\"lazy\" src=\"https:\/\/open.spotify.com\/embed\/album\/4XYnQZy54WolV3CQYosUXu?si=3UmvkSgPQdqglAO0aCmvZA&amp;utm_source=oembed\"><\/iframe>\n<\/div><\/figure>\n<\/div>\n\n\n\n<div id=\"d\u00fcnnsch\" class=\"wp-block-group has-global-padding is-layout-constrained wp-block-group-is-layout-constrained\">\n<h2 class=\"wp-block-heading\">D\u00fcnnsch<\/h2>\n\n\n\n<p>D\u00fcnnsch<\/p>\n\n\n\n<figure class=\"wp-block-embed is-type-rich is-provider-spotify wp-block-embed-spotify wp-embed-aspect-21-9 wp-has-aspect-ratio\"><div class=\"wp-block-embed__wrapper\">\n<iframe title=\"Spotify Embed: D\u00fcnnsch\" style=\"border-radius: 12px\" width=\"100%\" height=\"352\" frameborder=\"0\" allowfullscreen allow=\"autoplay; clipboard-write; encrypted-media; fullscreen; picture-in-picture\" loading=\"lazy\" src=\"https:\/\/open.spotify.com\/embed\/album\/5AjwT4gCDNZS4ZMuSPd5wa?si=3w__TgmIRcu53wDSBOP5Fg&amp;utm_source=oembed\"><\/iframe>\n<\/div><\/figure>\n<\/div>\n\n\n\n<div id=\"welle\" class=\"wp-block-group has-global-padding is-layout-constrained wp-block-group-is-layout-constrained\">\n<h2 class=\"wp-block-heading\">Welle<\/h2>\n\n\n\n<p>D\u00fcnnsch<\/p>\n\n\n\n<figure class=\"wp-block-embed is-type-rich is-provider-spotify wp-block-embed-spotify wp-embed-aspect-21-9 wp-has-aspect-ratio\"><div class=\"wp-block-embed__wrapper\">\n<iframe title=\"Spotify Embed: Welle\" style=\"border-radius: 12px\" width=\"100%\" height=\"352\" frameborder=\"0\" allowfullscreen allow=\"autoplay; clipboard-write; encrypted-media; fullscreen; picture-in-picture\" loading=\"lazy\" src=\"https:\/\/open.spotify.com\/embed\/album\/1J3bQzdpPq7z6h1Dgl2M4d?si=vWuXha07SEa6DVIJqgKnuQ&amp;utm_source=oembed\"><\/iframe>\n<\/div><\/figure>\n<\/div>\n\n\n\n<div id=\"kdfwdms\" class=\"wp-block-group has-global-padding is-layout-constrained wp-block-group-is-layout-constrained\">\n<h2 class=\"wp-block-heading\">Kreuz die Finger (wenn du mich siehst)<\/h2>\n\n\n\n<p>D\u00fcnnsch<\/p>\n\n\n\n<figure class=\"wp-block-embed is-type-rich is-provider-spotify wp-block-embed-spotify wp-embed-aspect-21-9 wp-has-aspect-ratio\"><div class=\"wp-block-embed__wrapper\">\n<iframe title=\"Spotify Embed: Kreuz die Finger (wenn du mich siehst)\" style=\"border-radius: 12px\" width=\"100%\" height=\"352\" frameborder=\"0\" allowfullscreen allow=\"autoplay; clipboard-write; encrypted-media; fullscreen; picture-in-picture\" loading=\"lazy\" src=\"https:\/\/open.spotify.com\/embed\/album\/1rwK7pU1e7cQ2D2yqRYIBM?si=fChXz63mQ0mfO4xtq_LVvg&amp;utm_source=oembed\"><\/iframe>\n<\/div><\/figure>\n<\/div>\n\n\n\n<div id=\"videos\" class=\"wp-block-group has-global-padding is-layout-constrained wp-block-group-is-layout-constrained\">\n<div class=\"wp-block-group is-nowrap is-layout-flex wp-container-core-group-is-layout-6c531013 wp-block-group-is-layout-flex\">\n<h2 class=\"wp-block-heading has-xx-large-font-size\">Videos<\/h2>\n<\/div>\n\n\n\n<p class=\"has-fira-code-font-family has-medium-font-size\">an denen ich mitgewirkt habe.<\/p>\n\n\n\n<p>Videos waren schon immer etwas, was mich fasziniert. Momentan arbeite ich an einigen Videos, welche jedoch erst in der Zukunft, <em>wenn \u00fcberhaupt<\/em>, ver\u00f6ffentlicht werden. Die Videos, welche ich jedoch bereits vorweisen kann verlinke ich in dieser Rubrik.<\/p>\n<\/div>\n\n\n\n<div style=\"height:100px\" aria-hidden=\"true\" class=\"wp-block-spacer\"><\/div>\n\n\n\n<div class=\"wp-block-group has-global-padding is-layout-constrained wp-block-group-is-layout-constrained\">\n<h2 class=\"wp-block-heading\">Abschlussprojekt der STAW<\/h2>\n\n\n\n<p class=\"has-fira-code-font-family has-small-font-size\">Hier habe ich mich um Vertonung und Musik gek\u00fcmmert.<\/p>\n\n\n\n<figure class=\"wp-block-embed is-type-video is-provider-youtube wp-block-embed-youtube wp-embed-aspect-16-9 wp-has-aspect-ratio\"><div class=\"wp-block-embed__wrapper\">\n<iframe title=\"Lost Places | Abschlussprojekt GMWS18 | Mai 2020\" width=\"500\" height=\"281\" src=\"https:\/\/www.youtube.com\/embed\/vA7R7YyYjw0?feature=oembed\" frameborder=\"0\" allow=\"accelerometer; autoplay; clipboard-write; encrypted-media; gyroscope; picture-in-picture; web-share\" referrerpolicy=\"strict-origin-when-cross-origin\" allowfullscreen><\/iframe>\n<\/div><\/figure>\n<\/div>\n\n\n\n<div style=\"height:59px\" aria-hidden=\"true\" class=\"wp-block-spacer\"><\/div>\n\n\n\n<div class=\"wp-block-group has-global-padding is-layout-constrained wp-block-group-is-layout-constrained\">\n<h2 class=\"wp-block-heading\">TikTok Videos<\/h2>\n\n\n\n<p class=\"has-fira-code-font-family has-small-font-size\">Videos f\u00fcr ein music-side-project<\/p>\n\n\n\n<div class=\"wp-block-columns is-layout-flex wp-container-core-columns-is-layout-28f84493 wp-block-columns-is-layout-flex\">\n<div class=\"wp-block-column is-layout-flow wp-block-column-is-layout-flow\">\n<figure class=\"wp-block-embed is-type-video is-provider-tiktok wp-block-embed-tiktok\"><div class=\"wp-block-embed__wrapper\">\n<blockquote class=\"tiktok-embed\" cite=\"https:\/\/www.tiktok.com\/@gesundmusik\/video\/7537695978942450966\" data-video-id=\"7537695978942450966\" data-embed-from=\"oembed\" style=\"max-width:605px; min-width:325px;\"> <section> <a target=\"_blank\" title=\"@gesundmusik\" href=\"https:\/\/www.tiktok.com\/@gesundmusik?refer=embed\">@gesundmusik<\/a> <p>Video2 &#8211; Jetzt Gefahr1 streamen! einkaufen gef\u00e4hrlich unfall einkaufswagen banane krankenwagen beerdigung tollpatsch trottel speed<\/p> <a target=\"_blank\" title=\"\u266c Originalton - gesundmusik - Gesund\" href=\"https:\/\/www.tiktok.com\/music\/Originalton-gesundmusik-7537695987650513686?refer=embed\">\u266c Originalton &#8211; gesundmusik &#8211; Gesund<\/a> <\/section> <\/blockquote> <script async src=\"https:\/\/www.tiktok.com\/embed.js\"><\/script>\n<\/div><\/figure>\n<\/div>\n\n\n\n<div class=\"wp-block-column is-layout-flow wp-block-column-is-layout-flow\">\n<figure class=\"wp-block-embed is-type-video is-provider-tiktok wp-block-embed-tiktok\"><div class=\"wp-block-embed__wrapper\">\n<blockquote class=\"tiktok-embed\" cite=\"https:\/\/www.tiktok.com\/@gesundmusik\/video\/7538094044291861782\" data-video-id=\"7538094044291861782\" data-embed-from=\"oembed\" style=\"max-width:605px; min-width:325px;\"> <section> <a target=\"_blank\" title=\"@gesundmusik\" href=\"https:\/\/www.tiktok.com\/@gesundmusik?refer=embed\">@gesundmusik<\/a> <p>Video1 Gefahr1 jetzt streamen! Auf allen Plattformen! frau mann gel\u00e4chter altstadt kampf gem\u00fcse<\/p> <a target=\"_blank\" title=\"\u266c Originalton - Gesund - Gesund\" href=\"https:\/\/www.tiktok.com\/music\/Originalton-Gesund-7538094051099183894?refer=embed\">\u266c Originalton &#8211; Gesund &#8211; Gesund<\/a> <\/section> <\/blockquote> <script async src=\"https:\/\/www.tiktok.com\/embed.js\"><\/script>\n<\/div><\/figure>\n<\/div>\n<\/div>\n<\/div>\n\n\n\n<p><\/p>\n","protected":false},"excerpt":{"rendered":"<p>Gestaltungs- und Medientechnischer Assistent, Kfz Mechatroniker, Multiinstrumentalist, Musikproduzent, S\u00e4nger. In a nutshell Wer bin ich? Ich bin, wie im Titel zu erkennen, Gestaltungs- und Medientechnischer Assistent, Kfz-Mechatroniker, Multiinstrumentalist, Produzent und S\u00e4nger. Das hei\u00dft; ich bin ein kreativer Kopf, der auch technisch versiert ist und gerne mit anpackt,- In erster Linie bin ich aber Selim. Die [&hellip;]<\/p>\n","protected":false},"author":1,"featured_media":0,"parent":0,"menu_order":0,"comment_status":"closed","ping_status":"closed","template":"","meta":{"footnotes":""},"class_list":["post-226","page","type-page","status-publish","hentry"],"_links":{"self":[{"href":"https:\/\/selim-rudolph.de\/index.php?rest_route=\/wp\/v2\/pages\/226","targetHints":{"allow":["GET"]}}],"collection":[{"href":"https:\/\/selim-rudolph.de\/index.php?rest_route=\/wp\/v2\/pages"}],"about":[{"href":"https:\/\/selim-rudolph.de\/index.php?rest_route=\/wp\/v2\/types\/page"}],"author":[{"embeddable":true,"href":"https:\/\/selim-rudolph.de\/index.php?rest_route=\/wp\/v2\/users\/1"}],"replies":[{"embeddable":true,"href":"https:\/\/selim-rudolph.de\/index.php?rest_route=%2Fwp%2Fv2%2Fcomments&post=226"}],"version-history":[{"count":21,"href":"https:\/\/selim-rudolph.de\/index.php?rest_route=\/wp\/v2\/pages\/226\/revisions"}],"predecessor-version":[{"id":291,"href":"https:\/\/selim-rudolph.de\/index.php?rest_route=\/wp\/v2\/pages\/226\/revisions\/291"}],"wp:attachment":[{"href":"https:\/\/selim-rudolph.de\/index.php?rest_route=%2Fwp%2Fv2%2Fmedia&parent=226"}],"curies":[{"name":"wp","href":"https:\/\/api.w.org\/{rel}","templated":true}]}}